{"id":265,"date":"2021-04-13T16:08:02","date_gmt":"2021-04-13T16:08:02","guid":{"rendered":"http:\/\/imdeafoodcompubio.com\/?page_id=265"},"modified":"2021-04-13T16:08:42","modified_gmt":"2021-04-13T16:08:42","slug":"disclaimer-lopd","status":"publish","type":"page","link":"https:\/\/imdeafoodcompubio.com\/index.php\/disclaimer-lopd\/","title":{"rendered":"Disclaimer LOPD"},"content":{"rendered":"<p><strong><em>Qui\u00e9n trata sus datos:<\/em><\/strong><em> FUNDACI\u00d3N IMDEA ALIMENTACI\u00d3N como coordinadora del proyecto Food Nutrition Security Cloud. <strong>Con qu\u00e9 finalidad:<\/strong> Proceder a su registro para tener acceso al uso de la herramienta de an\u00e1lisis y ponernos en contacto posteriormente para realizar un estudio de usabilidad. <strong>Legitimaci\u00f3n:<\/strong> su consentimiento, que facilita pulsando el bot\u00f3n de registro. <strong>Qu\u00e9 derechos tiene:<\/strong> Acceso, rectificaci\u00f3n, supresi\u00f3n, oposici\u00f3n y limitaci\u00f3n del tratamiento, entre otros. <strong>M\u00e1s informaci\u00f3n:<\/strong> En nuestra&nbsp;<\/em><a href=\"http:\/\/imdeafoodcompubio.com\/index.php\/politica-privacidad\/\"><em>Pol\u00edtica de Privacidad.<\/em><\/a><\/p>\n","protected":false},"excerpt":{"rendered":"<p>Qui\u00e9n trata sus datos: FUNDACI\u00d3N IMDEA ALIMENTACI\u00d3N como coordinadora del proyecto Food Nutrition Security Cloud. Con qu\u00e9 finalidad: Proceder a su registro para tener acceso al uso de la herramienta de an\u00e1lisis y ponernos en contacto posteriormente para realizar un estudio de usabilidad. Legitimaci\u00f3n: su consentimiento, que facilita pulsando el bot\u00f3n de registro. Qu\u00e9 derechosContinue reading &rarr;<\/p>\n","protected":false},"author":1,"featured_media":0,"parent":0,"menu_order":0,"comment_status":"closed","ping_status":"closed","template":"","meta":{"footnotes":""},"class_list":["post-265","page","type-page","status-publish","hentry","no-thumb"],"_links":{"self":[{"href":"https:\/\/imdeafoodcompubio.com\/index.php\/wp-json\/wp\/v2\/pages\/265","targetHints":{"allow":["GET"]}}],"collection":[{"href":"https:\/\/imdeafoodcompubio.com\/index.php\/wp-json\/wp\/v2\/pages"}],"about":[{"href":"https:\/\/imdeafoodcompubio.com\/index.php\/wp-json\/wp\/v2\/types\/page"}],"author":[{"embeddable":true,"href":"https:\/\/imdeafoodcompubio.com\/index.php\/wp-json\/wp\/v2\/users\/1"}],"replies":[{"embeddable":true,"href":"https:\/\/imdeafoodcompubio.com\/index.php\/wp-json\/wp\/v2\/comments?post=265"}],"version-history":[{"count":2,"href":"https:\/\/imdeafoodcompubio.com\/index.php\/wp-json\/wp\/v2\/pages\/265\/revisions"}],"predecessor-version":[{"id":267,"href":"https:\/\/imdeafoodcompubio.com\/index.php\/wp-json\/wp\/v2\/pages\/265\/revisions\/267"}],"wp:attachment":[{"href":"https:\/\/imdeafoodcompubio.com\/index.php\/wp-json\/wp\/v2\/media?parent=265"}],"curies":[{"name":"wp","href":"https:\/\/api.w.org\/{rel}","templated":true}]}}