{"id":648,"date":"2022-02-24T15:16:59","date_gmt":"2022-02-24T15:16:59","guid":{"rendered":"http:\/\/imdeafoodcompubio.com\/?page_id=648"},"modified":"2022-02-28T12:48:14","modified_gmt":"2022-02-28T12:48:14","slug":"descargararchivo","status":"publish","type":"page","link":"https:\/\/imdeafoodcompubio.com\/index.php\/descargararchivo\/","title":{"rendered":""},"content":{"rendered":"\n<!DOCTYPE html>\n<html lang=\"en\">\n<head>\n<meta charset=\"UTF-8\">\n<title>IMDEA COMPUBIO<\/title>\n  <link rel=\"stylesheet\" href=\"\/\/code.jquery.com\/ui\/1.13.2\/themes\/base\/jquery-ui.css\">\n<script src=\"https:\/\/code.jquery.com\/jquery-3.6.0.min.js\"><\/script>\n<script src=\"https:\/\/code.jquery.com\/jquery-migrate-1.4.1.min.js\"><\/script>\n  <script src=\"https:\/\/code.jquery.com\/ui\/1.13.2\/jquery-ui.js\"><\/script>\n\n\n\n<link rel=\"stylesheet\" href=\"https:\/\/cdn.jsdelivr.net\/npm\/bootstrap@4.5.3\/dist\/css\/bootstrap.min.css\" integrity=\"sha384-TX8t27EcRE3e\/ihU7zmQxVncDAy5uIKz4rEkgIXeMed4M0jlfIDPvg6uqKI2xXr2\" crossorigin=\"anonymous\">\n<script src=\"https:\/\/cdn.jsdelivr.net\/npm\/bootstrap@4.5.3\/dist\/js\/bootstrap.bundle.min.js\" integrity=\"sha384-ho+j7jyWK8fNQe+A12Hb8AhRq26LrZ\/JpcUGGOn+Y7RsweNrtN\/tE3MoK7ZeZDyx\" crossorigin=\"anonymous\"><\/script>\n\n<link rel=\"stylesheet\" type=\"text\/css\" href=\"https:\/\/cdn.datatables.net\/v\/dt\/dt-1.13.1\/datatables.min.css\"\/>\n \n<script type=\"text\/javascript\" src=\"https:\/\/cdn.datatables.net\/v\/dt\/dt-1.13.1\/datatables.min.js\"><\/script>\n<style>\n    body{\n        font-family: Arial, sans-serif;\n        \n    }\n    .site-content{\n        font-size:2em;\n        height: auto;\n    }\n<\/style>\n\n<\/head>\n<body>\n\n<div id=\"container1\">\n<table id=\"tabla1\">\n                <thead id=\"cabezera\">\n                    <th class=\"cabezera\" id=\"Data\">Data<\/th>\n                    <th class=\"cabezera\" id=\"Uploaded\">Uploaded<\/th>\n                    <th class=\"cabezera\" id=\"Link\">Link<\/th>\n                    <th class=\"cabezera\" id=\"Size\">Size<\/th>\n                                        <th class=\"cabezera\" id=\"ndes\">Number Downloads<\/th>\n\n                <\/thead>\n               <tbody id=\"content\">     \n                   <tr>\n                   <td class=\"cabezera\" id=\"Data1\">FooDrugs MYSQL Dump V2<\/td>\n                    <td class=\"cabezera\" id=\"Uploaded1\">January 31st, 2022 <\/td>\n                    <td class=\"cabezera\" id=\"Link1\"><a id=\"descargar\">Download<\/a><\/td>\n                    <td class=\"cabezera\" id=\"Size1\">1300 MB<\/td>\n                                        <td class=\"cabezera\" id=\"numdesc1\"><\/td>\n<\/tr>\n                   <tr>\n                   <td class=\"cabezera\" id=\"Data1\">FooDrugs MYSQL Dump V3<\/td>\n                    <td class=\"cabezera\" id=\"Uploaded1\">January 31st, 2023 <\/td>\n                    <td class=\"cabezera\" id=\"Link1\"><a id=\"descargar2\">Download<\/a><\/td>\n                    <td class=\"cabezera\" id=\"Size1\">1449 MB<\/td>\n                                        <td class=\"cabezera\" id=\"numdesc2\"><\/td>\n\n<\/tr>\n<\/tr>\n                   <tr>\n                   <td class=\"cabezera\" id=\"Data2\">FooDrugs MYSQL Dump V4<\/td>\n                    <td class=\"cabezera\" id=\"Uploaded2\">July 28st, 2023 <\/td>\n                    <td class=\"cabezera\" id=\"Link2\"><a id=\"descargar3\">Download<\/a><\/td>\n                    <td class=\"cabezera\" id=\"Size2\">1489 MB<\/td>\n                                        <td class=\"cabezera\" id=\"numdesc3\"><\/td>\n\n<\/tr>\n\n                <\/tbody>\n                \n            <\/table>\n            <h1 style=\"text-align:center;\">How To Cite<\/h1>\n            \n            <table id=\"tabla1\">\n                <thead id=\"cabezera\">\n                    <th class=\"cabezera\" id=\"Autor\">Autor<\/th>\n                    <th class=\"cabezera\" id=\"Database\">Database<\/th>\n                    <th class=\"cabezera\" id=\"doi\">DOI<\/th>\n\n                <\/thead>\n               <tbody id=\"content\">     \n               \n\n                   <tr>\n                   <td class=\"cabezera\" id=\"Autor\">Garranzo, Marco, Piette G\u00f3mez, \u00d3scar, Lacruz Pleguezuelos, Blanca, P\u00e9rez, David, Laguna Lobo, Teresa, & Carrillo de Santa Pau, Enrique. (2022)<\/td>\n                    <td class=\"cabezera\" id=\"Database\">FooDrugs database: A database with molecular and text information about food - drug interactions (2.0.0) [Data set]. Zenodo.<\/td>\n                    <td class=\"cabezera\" id=\"doi\"><a href=\"https:\/\/doi.org\/10.5281\/zenodo.6638470\" target=\"no_blank\">https:\/\/doi.org\/10.5281\/zenodo.6638470<\/a><\/td>\n<\/tr>\n\n\n\n                <\/tbody>\n            <\/table>\n            \n            \n            \n                        <h1 style=\"text-align:center;\">Code<\/h1>\n            \n<table id=\"table\" class=\"stripe\" style=\"width:100%\">\n                <thead id=\"cabezera\">\n                    <th class=\"cabezera\" id=\"Description\">Description<\/th>\n                    <th class=\"cabezera\" id=\"github\">Github<\/th>\n                    <th class=\"cabezera\" id=\"doi\">DOI<\/th>\n\n                <\/thead>\n               <tbody id=\"content\">     \n                   <tr>\n                   <td class=\"cabezera\" id=\"Description\" width='25%'> FooDrugs webtool code (Version v1.0.0)<\/td>\n                    <td class=\"cabezera\" id=\"github\"><a href=\"https:\/\/github.com\/davidperezimdea\/FNS-CLOUD\" target=\"no_blank\">https:\/\/github.com\/davidperezimdea\/FNS-CLOUD<\/a><\/td>\n                    <td class=\"cabezera\" id=\"doi\"><a href=\"https:\/\/doi.org\/10.5281\/zenodo.7551055\" target=\"no_blank\">https:\/\/doi.org\/10.5281\/zenodo.7551055<\/a><\/td>\n<\/tr>\n\n\n\n                <\/tbody>\n            <\/table>\n            \n<\/div>\n\n<script>\njQuery(document).ready(function($) {\n        var countdownTimer = setInterval(refresh, 10000);\n                var countdownTimer2 = setInterval(refresh2, 10000);\n                                var countdownTimer3 = setInterval(refresh3, 10000);\n\nrefresh();\nrefresh2();\nrefresh3();\nfunction refresh() {\n jQuery.ajax({\n            \/\/We make a request to ajax that redirects us to another script where the Mysql query will be executed and will return the first 5 records similar to what is being searched for\n        url:'https:\/\/imdeafoodcompubio.com\/wp-content\/themes\/bento-child\/descargas\/upload.php',\n        type: 'post',\n        data: {type:1},\n        success:function(response){\n            $(\"#numdesc\"+1).text(response);\n            console.log(response);\n        } \n    });\n}\n\nfunction refresh2() {\n jQuery.ajax({\n            \/\/We make a request to ajax that redirects us to another script where the Mysql query will be executed and will return the first 5 records similar to what is being searched for\n        url:'https:\/\/imdeafoodcompubio.com\/wp-content\/themes\/bento-child\/descargas\/upload.php',\n        type: 'post',\n        data: {type:2},\n        success:function(response){\n            $(\"#numdesc\"+2).text(response);\n            console.log(response);\n        } \n    });\n}\n\nfunction refresh3() {\n jQuery.ajax({\n            \/\/We make a request to ajax that redirects us to another script where the Mysql query will be executed and will return the first 5 records similar to what is being searched for\n        url:'https:\/\/imdeafoodcompubio.com\/wp-content\/themes\/bento-child\/descargas\/upload.php',\n        type: 'post',\n        data: {type:6},\n        success:function(response){\n            $(\"#numdesc\"+3).text(response);\n            console.log(response);\n        } \n    });\n}\n    \n    $('#table').dataTable( {\n  \"columns\": [\n    { \"width\": \"20%\" },\n    null,\n    null\n  ],\n          \"paging\":   false,\n        \"ordering\": false,\n        \"info\":     false,\n        \"bFilter\":false,\n} );\n    $(document).on('click', '#descargar', function() { \n        fileUrl=\"https:\/\/imdeafoodcompubio.com\/wp-content\/uploads\/2022\/desc\/FinalFooDrugs_v2.sql\";\n        fileName=\"FinalFooDrugs_v2.sql\";\n  var a = document.createElement(\"a\");\n  a.href = fileUrl;\n  a.setAttribute(\"download\", fileName);\n  a.click();\n jQuery.ajax({\n            \/\/We make a request to ajax that redirects us to another script where the Mysql query will be executed and will return the first 5 records similar to what is being searched for\n        url:'https:\/\/imdeafoodcompubio.com\/wp-content\/themes\/bento-child\/descargas\/upload.php',\n        type: 'post',\n        data: {type:3},\n        success:function(response){\n              $(\"#numdesc\"+1).text(response);\n            console.log(response);\n        } \n    });\n});\n\n    $(document).on('click', '#descargar2', function() { \n        fileUrl=\"https:\/\/imdeafoodcompubio.com\/wp-content\/uploads\/2022\/desc\/FooDrugs_v3_1.sql\";\n        fileName=\"FooDrugs_v3_1.sql\";\n  var a = document.createElement(\"a\");\n  a.href = fileUrl;\n  a.setAttribute(\"download\", fileName);\n  a.click();\n jQuery.ajax({\n            \/\/We make a request to ajax that redirects us to another script where the Mysql query will be executed and will return the first 5 records similar to what is being searched for\n        url:'https:\/\/imdeafoodcompubio.com\/wp-content\/themes\/bento-child\/descargas\/upload.php',\n        type: 'post',\n        data: {type:4},\n        success:function(response){\n              $(\"#numdesc\"+2).text(response);\n            console.log(response);\n        } \n    });\n});\n\n    $(document).on('click', '#descargar3', function() { \n        fileUrl=\"https:\/\/imdeafoodcompubio.com\/foodrugs_v4_notau.sql\";\n        fileName=\"FooDrugs_v4_1.sql\";\n  var a = document.createElement(\"a\");\n  a.href = fileUrl;\n  a.setAttribute(\"download\", fileName);\n  a.click();\n jQuery.ajax({\n            \/\/We make a request to ajax that redirects us to another script where the Mysql query will be executed and will return the first 5 records similar to what is being searched for\n        url:'https:\/\/imdeafoodcompubio.com\/wp-content\/themes\/bento-child\/descargas\/upload.php',\n        type: 'post',\n        data: {type:5},\n        success:function(response){\n              $(\"#numdesc\"+3).text(response);\n            console.log(response);\n        } \n    });\n});\n});\n<\/script>\n<\/body>\n<\/html>\n","protected":false},"excerpt":{"rendered":"","protected":false},"author":1,"featured_media":0,"parent":0,"menu_order":0,"comment_status":"closed","ping_status":"closed","template":"","meta":{"footnotes":""},"class_list":["post-648","page","type-page","status-publish","hentry","no-thumb"],"_links":{"self":[{"href":"https:\/\/imdeafoodcompubio.com\/index.php\/wp-json\/wp\/v2\/pages\/648","targetHints":{"allow":["GET"]}}],"collection":[{"href":"https:\/\/imdeafoodcompubio.com\/index.php\/wp-json\/wp\/v2\/pages"}],"about":[{"href":"https:\/\/imdeafoodcompubio.com\/index.php\/wp-json\/wp\/v2\/types\/page"}],"author":[{"embeddable":true,"href":"https:\/\/imdeafoodcompubio.com\/index.php\/wp-json\/wp\/v2\/users\/1"}],"replies":[{"embeddable":true,"href":"https:\/\/imdeafoodcompubio.com\/index.php\/wp-json\/wp\/v2\/comments?post=648"}],"version-history":[{"count":7,"href":"https:\/\/imdeafoodcompubio.com\/index.php\/wp-json\/wp\/v2\/pages\/648\/revisions"}],"predecessor-version":[{"id":662,"href":"https:\/\/imdeafoodcompubio.com\/index.php\/wp-json\/wp\/v2\/pages\/648\/revisions\/662"}],"wp:attachment":[{"href":"https:\/\/imdeafoodcompubio.com\/index.php\/wp-json\/wp\/v2\/media?parent=648"}],"curies":[{"name":"wp","href":"https:\/\/api.w.org\/{rel}","templated":true}]}}